{"id":432,"date":"2020-07-15T16:49:26","date_gmt":"2020-07-15T14:49:26","guid":{"rendered":"https:\/\/www.sandraackermann.de\/?page_id=432"},"modified":"2025-11-04T12:03:29","modified_gmt":"2025-11-04T11:03:29","slug":"vitae","status":"publish","type":"page","link":"https:\/\/www.sandraackermann.de\/en\/vitae\/","title":{"rendered":"Vitae"},"content":{"rendered":"<div class=\"wpb-content-wrapper\"><p>[vc_section full_width=&#8221;stretch_row_content&#8221; el_class=&#8221;splashscreen-vita&#8221; el_id=&#8221;Splashscreen&#8221;][\/vc_section][vc_section full_width=&#8221;stretch_row&#8221; el_id=&#8221;Vita&#8221; el_class=&#8221;content-section&#8221;][vc_row][vc_column][vc_column_text]<\/p>\n<h1>Vitae<\/h1>\n<p>[\/vc_column_text][\/vc_column][\/vc_row][vc_row][vc_column][vc_column_text]<strong>Sandra Ackermann<\/strong><\/p>\n<p>1974 \u00a0Born<br \/>\n1997-2003 \u00a0Staatliche Hochschule f\u00fcr Bildende K\u00fcnste \u2013<br \/>\nSt\u00e4delschule Frankfurt a.M., Germany<br \/>\n2003\u00a0\u00a0\u00a0\u00a0\u00a0\u00a0\u00a0\u00a0\u00a0\u00a0\u00a0 Appointment of Meisterschuelerin<br \/>\n2000 \u00a0\u00a0\u00a0\u00a0\u00a0\u00a0\u00a0\u00a0\u00a0\u00a0 Slade School of Fine Art, London, UK<\/p>\n<p>&nbsp;<\/p>\n<p>Lives and Works in Germany and UK[\/vc_column_text][vc_column_text]Exhibitions (Selection)<\/p>\n<p>2025\u00a0\u00a0 Anthropozoikum, Galerie Voss, Duesseldorf, Germany, (E)<br \/>\n2024\u00a0\u00a0 Passion For Freedom Festival, Seven House Gallery, New York, USA (G)<br \/>\n2023 \u00a0 ART021, Shanghai, China, (G)<br \/>\n2023 \u00a0\u00a0Homeland Universe, Bluerider Art London Mayfair, London, UK (G)<br \/>\n2023\u00a0 \u00a0Royal Academy Summer Exhibition, London, UK (G)<br \/>\n2023 \u00a0 Wild Grass, Blueriderart, Taipai, Taiwan, (G)<br \/>\n2022 \u00a0 Selection Part 2, Galerie Voss, Dusseldorf, Germany, (G)<br \/>\n2021 \u00a0 Catford Arts Trail, London, UK (G)<br \/>\n2020 \u00a0 Escapate a tu Realidad, Gallery Reiners Contemporary Art, Marbella, Spain (S)<br \/>\n2019\u00a0\u00a0 Escape into your Reality, Galerie Voss, Dusseldorf, Germany, (S)<br \/>\n2018\u00a0\u00a0 Passion For Freedom, Royal Opera Arcade, London, UK (G), (C)<br \/>\n2018\u00a0\u00a0 Catford Arts Trail, London, UK (G)<br \/>\n2018\u00a0\u00a0 Floating, St\u00e4dtisches Museum Engen, Germany, (S), (C)<br \/>\n2018\u00a0\u00a0 Sandra Ackermann \u2013 Solo Show, Art Wanson Gallery,\u00a0Marbella, Spain, (S)<br \/>\n2018\u00a0\u00a0 Catford Arts exhibition, Beckenham Place Park Mansion,\u00a0London, Great Britain, (G)<br \/>\n2017 \u00a0\u00a0Sie &#8211; Evas Erbinnen, Schloss Beneath, Duesseldorf, Germany, (S)<br \/>\n2017 \u00a0\u00a0Lost in Nothingness, Galerie Voss, Germany, (S)<br \/>\n2016 \u00a0 Faces and Spaces, Galerie Filser und Gr\u00e4f, M\u00fcnchen,\u00a0Germany, (G)<br \/>\n2015 \u00a0 Wasteland, Galerie Voss, D\u00fcsseldorf, Germany (S) (C)<br \/>\n2013 \u00a0 Die Leinwand des Leibes, Kunstverein Walkm\u00fchle,\u00a0Wiesbaden, Germany (G), (C)<br \/>\n2013 \u00a0 Running to stand still, Galerie Voss, D\u00fcsseldorf, Germany (S)<br \/>\n2012 \u00a0 Face-toFace, Neue Galerie, Gladbeck, Germany \u00a0(G)<br \/>\n2012 \u00a0 OH, Art Hub Gallery, London, Great Britain (G)<br \/>\n2011 \u00a0 \u00a0Passion for Freedom, Unit24 Gallery, London, Great Britain (G)<br \/>\n2011 \u00a0 \u00a0I-SHO, The Gallery, London, Great Britain (G), (C)<br \/>\n2011 \u00a0 \u00a0In the Current Climate, Core Gallery, London, Great Britain (G)<br \/>\n2011 \u00a0 \u00a0Concretum, Dilston Grove, London, Great Britain (G)<br \/>\n2010 \u00a0 \u00a0I look inside you, Galerie Voss, D\u00fcsseldorf, Germany (S)<br \/>\n2009 \u00a0 Gemeinsam in Bewegung, Contemporary Art from Germany\u00a0and China,<br \/>\nGoethe Institut, Wuhan, China, (G), (C)<br \/>\n2009 \u00a0 Heidi au pays de Martin Kippenberger, FRAC Aquitaine\u00a0et Bordeaux,<br \/>\nCarr\u00e9 Bonnat, Bayonne, France (G)<br \/>\n2009 \u00a0 Bildsch\u00f6n, St\u00e4dtische Galerie, Karlsruhe, Germany (G)<br \/>\n2009 \u00a0 Skinscapes, Marburger Kunstverein, Marburg, Germany (G), (C)<br \/>\n2009 \u00a0 Die Wirklichkeit ist nicht die Wahrheit, Galerie Voss,\u00a0D\u00fcsseldorf, Germany (S), (C)<br \/>\n2008 \u00a0 3. Bejing Biennale, Bejing, China, (G), (C)<br \/>\n2008 \u00a0 Hotel Marienbad 002, KW, Berlin, Germany (G)<br \/>\n2007 \u00a0 Annual Open, Cafe Gallery, London, Great Britain (G)<br \/>\n2007 \u00a0 It takes Something to make Something, Portikus,\u00a0Frankfurt a.M., Germany (G)<br \/>\n2007 \u00a0 Point Blank, Galerie Voss, D\u00fcsseldorf, Germany (S)<br \/>\n2006 \u00a0 Pour voir.., Cit\u00e9 Internationale des Arts, Paris, France (S)<br \/>\n2006 \u00a0 Lent me your ear, Kunstverein Bad-Salzdetfurth,\u00a0Bodenburg, Germany (G), (C)<br \/>\n2006 \u00a0 Sandra Ackermann, Studio, Kunsthalle Darmstadt,\u00a0Darmstadt, Germany (S), (C)<br \/>\n2006 \u00a0 Hautton, Galerie Caprice Horn, Berlin, Germany (S)<br \/>\n2005 \u00a0 Tendenzen 2005, Darmst\u00e4dter Sezession, Darmstadt,\u00a0Germany (G), (C)<br \/>\n2005 \u00a0 Junge Rheinland-Pf\u00e4lzer K\u00fcnstlerinnen und K\u00fcnstler,<br \/>\nKunstverein Ludwigshafen, Germany (G), (C)<br \/>\n2004 \u00a0 Charlotte Prinz zu Ehren, Kunst Archiv, Darmstadt, Germany (G)<br \/>\n2003 \u00a0 Absolvenz, St\u00e4del Museum, Frankfurt a.M., Germany (G), (C)<br \/>\n2002 \u00a0 Anblicke, Galerie Voss, D\u00fcsseldorf, Germany (S)<br \/>\n2002 \u00a0 Maria ohne Kind, Don\u00b4t miss, Frankfurt a.M., Germany (S)<br \/>\n2001 \u00a0 Oberfl\u00e4chen, Ausstellungshalle Schulstr 1A,\u00a0Frankfurt a.M., Germany (S)<br \/>\n2001 \u00a0 VASISTDAS, 7. Ulusalararasi Istanbul Bienal, Istanbul,\u00a0Turky (G)<br \/>\n1998 \u00a0 Stuttgart, 17.7.1956-Salem (Wis.)\/ USA 3.3. 1977,\u00a0Portikus,<br \/>\nFrankfurt a. M.,Germany(G), (C)<\/p>\n<p>&nbsp;<\/p>\n<p>(G) Group Exhibition\u00a0 (S) Solo Exhibition\u00a0 (C) Catalog[\/vc_column_text][vc_column_text]<\/p>\n<h3>Honours and Awards<\/h3>\n<p>&nbsp;<\/p>\n<p>2004-2006 \u00a0 \u00a0 \u00a0 \u00a0 \u00a0 Scholarship Charlotte Prinz Stiftung,\u00a0Darmstadt, Germany<br \/>\n2005 \u00a0 \u00a0 \u00a0 \u00a0 \u00a0 \u00a0 \u00a0 \u00a0 \u00a0 \u00a0 \u00a0Dr Rolf Seisser Price for joung Artists,\u00a0Lions Club, Frankfurt a.M., Germany<br \/>\n2006 \u00a0 \u00a0 \u00a0 \u00a0 \u00a0 \u00a0 \u00a0 \u00a0 \u00a0 \u00a0 \u00a0Scholarship Cit\u00e9 des Arts, Paris, France<br \/>\n2011 \u00a0 \u00a0 \u00a0 \u00a0 \u00a0 \u00a0 \u00a0 \u00a0 \u00a0 \u00a0 \u00a0 Passion for Freedom Award, London, Great Britain[\/vc_column_text][vc_column_text]<\/p>\n<h3>Monographs<\/h3>\n<p>&nbsp;<\/p>\n<p>Sandra Ackermann\u00a0\u00a0\u00a0\u00a0\u00a0\u00a0 2001-2005 (2006)<br \/>\nSandra Ackermann\u00a0\u00a0\u00a0\u00a0\u00a0\u00a0 2005-2008 Reality is not the Truth (2008)<br \/>\nSandra Ackermann\u00a0\u00a0\u00a0\u00a0\u00a0\u00a0 2009-2014 (2015)<br \/>\nSandra Ackermann\u00a0\u00a0\u00a0\u00a0\u00a0\u00a0 Floating (2018)<\/p>\n<p>&nbsp;<\/p>\n<p>[\/vc_column_text][vc_column_text css=&#8221;&#8221;]<\/p>\n<h3>Art Fairs<\/h3>\n<ul>\n<li>Contemporary Art Fair Shanghai<\/li>\n<li>Positions Berlin<\/li>\n<li>Art Week Luxembourg<\/li>\n<li>Art Karlsruhe<\/li>\n<li>Marbella Art<\/li>\n<li>Arte Fiera Bologna<\/li>\n<li>Art Cologne<\/li>\n<li>Art Frankfurt<\/li>\n<\/ul>\n<p>[\/vc_column_text][\/vc_column][\/vc_row][\/vc_section]<\/p>\n<\/div>","protected":false},"excerpt":{"rendered":"<p>[vc_section full_width=&#8221;stretch_row_content&#8221; el_class=&#8221;splashscreen-vita&#8221; el_id=&#8221;Splashscreen&#8221;][\/vc_section][vc_section full_width=&#8221;stretch_row&#8221; el_id=&#8221;Vita&#8221; el_class=&#8221;content-section&#8221;][vc_row][vc_column][vc_column_text] Vitae [\/vc_column_text][\/vc_column][\/vc_row][vc_row][vc_column][vc_column_text]Sandra Ackermann 1974 \u00a0Born 1997-2003 \u00a0Staatliche Hochschule f\u00fcr Bildende K\u00fcnste \u2013 St\u00e4delschule Frankfurt a.M., Germany 2003\u00a0\u00a0\u00a0\u00a0\u00a0\u00a0\u00a0\u00a0\u00a0\u00a0\u00a0 Appointment of<span class=\"excerpt-hellip\"> [\u2026]<\/span><\/p>\n","protected":false},"author":1,"featured_media":-1,"parent":0,"menu_order":0,"comment_status":"closed","ping_status":"closed","template":"","meta":{"footnotes":""},"class_list":["post-432","page","type-page","status-publish","has-post-thumbnail","hentry"],"yoast_head":"<!-- This site is optimized with the Yoast SEO plugin v27.5 - https:\/\/yoast.com\/product\/yoast-seo-wordpress\/ -->\n<title>Vitae - Atelier Sandra Ackermann<\/title>\n<meta name=\"robots\" content=\"index, follow, max-snippet:-1, max-image-preview:large, max-video-preview:-1\" \/>\n<link rel=\"canonical\" href=\"https:\/\/www.sandraackermann.de\/en\/vitae\/\" \/>\n<meta property=\"og:locale\" content=\"en_US\" \/>\n<meta property=\"og:type\" content=\"article\" \/>\n<meta property=\"og:title\" content=\"Vitae - Atelier Sandra Ackermann\" \/>\n<meta property=\"og:description\" content=\"[vc_section full_width=&#8221;stretch_row_content&#8221; el_class=&#8221;splashscreen-vita&#8221; el_id=&#8221;Splashscreen&#8221;][\/vc_section][vc_section full_width=&#8221;stretch_row&#8221; el_id=&#8221;Vita&#8221; el_class=&#8221;content-section&#8221;][vc_row][vc_column][vc_column_text] Vitae [\/vc_column_text][\/vc_column][\/vc_row][vc_row][vc_column][vc_column_text]Sandra Ackermann 1974 \u00a0Born 1997-2003 \u00a0Staatliche Hochschule f\u00fcr Bildende K\u00fcnste \u2013 St\u00e4delschule Frankfurt a.M., Germany 2003\u00a0\u00a0\u00a0\u00a0\u00a0\u00a0\u00a0\u00a0\u00a0\u00a0\u00a0 Appointment of [\u2026]\" \/>\n<meta property=\"og:url\" content=\"https:\/\/www.sandraackermann.de\/en\/vitae\/\" \/>\n<meta property=\"og:site_name\" content=\"Atelier Sandra Ackermann\" \/>\n<meta property=\"article:modified_time\" content=\"2025-11-04T11:03:29+00:00\" \/>\n<meta name=\"twitter:card\" content=\"summary_large_image\" \/>\n<meta name=\"twitter:label1\" content=\"Est. reading time\" \/>\n\t<meta name=\"twitter:data1\" content=\"4 minutes\" \/>\n<script type=\"application\/ld+json\" class=\"yoast-schema-graph\">{\"@context\":\"https:\\\/\\\/schema.org\",\"@graph\":[{\"@type\":\"WebPage\",\"@id\":\"https:\\\/\\\/www.sandraackermann.de\\\/en\\\/vitae\\\/\",\"url\":\"https:\\\/\\\/www.sandraackermann.de\\\/en\\\/vitae\\\/\",\"name\":\"Vitae - Atelier Sandra Ackermann\",\"isPartOf\":{\"@id\":\"https:\\\/\\\/www.sandraackermann.de\\\/en\\\/#website\"},\"datePublished\":\"2020-07-15T14:49:26+00:00\",\"dateModified\":\"2025-11-04T11:03:29+00:00\",\"breadcrumb\":{\"@id\":\"https:\\\/\\\/www.sandraackermann.de\\\/en\\\/vitae\\\/#breadcrumb\"},\"inLanguage\":\"en-US\",\"potentialAction\":[{\"@type\":\"ReadAction\",\"target\":[\"https:\\\/\\\/www.sandraackermann.de\\\/en\\\/vitae\\\/\"]}]},{\"@type\":\"BreadcrumbList\",\"@id\":\"https:\\\/\\\/www.sandraackermann.de\\\/en\\\/vitae\\\/#breadcrumb\",\"itemListElement\":[{\"@type\":\"ListItem\",\"position\":1,\"name\":\"Startseite\",\"item\":\"https:\\\/\\\/www.sandraackermann.de\\\/en\\\/\"},{\"@type\":\"ListItem\",\"position\":2,\"name\":\"Vitae\"}]},{\"@type\":\"WebSite\",\"@id\":\"https:\\\/\\\/www.sandraackermann.de\\\/en\\\/#website\",\"url\":\"https:\\\/\\\/www.sandraackermann.de\\\/en\\\/\",\"name\":\"Atelier Sandra Ackermann\",\"description\":\"\",\"potentialAction\":[{\"@type\":\"SearchAction\",\"target\":{\"@type\":\"EntryPoint\",\"urlTemplate\":\"https:\\\/\\\/www.sandraackermann.de\\\/en\\\/?s={search_term_string}\"},\"query-input\":{\"@type\":\"PropertyValueSpecification\",\"valueRequired\":true,\"valueName\":\"search_term_string\"}}],\"inLanguage\":\"en-US\"}]}<\/script>\n<!-- \/ Yoast SEO plugin. -->","yoast_head_json":{"title":"Vitae - Atelier Sandra Ackermann","robots":{"index":"index","follow":"follow","max-snippet":"max-snippet:-1","max-image-preview":"max-image-preview:large","max-video-preview":"max-video-preview:-1"},"canonical":"https:\/\/www.sandraackermann.de\/en\/vitae\/","og_locale":"en_US","og_type":"article","og_title":"Vitae - Atelier Sandra Ackermann","og_description":"[vc_section full_width=&#8221;stretch_row_content&#8221; el_class=&#8221;splashscreen-vita&#8221; el_id=&#8221;Splashscreen&#8221;][\/vc_section][vc_section full_width=&#8221;stretch_row&#8221; el_id=&#8221;Vita&#8221; el_class=&#8221;content-section&#8221;][vc_row][vc_column][vc_column_text] Vitae [\/vc_column_text][\/vc_column][\/vc_row][vc_row][vc_column][vc_column_text]Sandra Ackermann 1974 \u00a0Born 1997-2003 \u00a0Staatliche Hochschule f\u00fcr Bildende K\u00fcnste \u2013 St\u00e4delschule Frankfurt a.M., Germany 2003\u00a0\u00a0\u00a0\u00a0\u00a0\u00a0\u00a0\u00a0\u00a0\u00a0\u00a0 Appointment of [\u2026]","og_url":"https:\/\/www.sandraackermann.de\/en\/vitae\/","og_site_name":"Atelier Sandra Ackermann","article_modified_time":"2025-11-04T11:03:29+00:00","twitter_card":"summary_large_image","twitter_misc":{"Est. reading time":"4 minutes"},"schema":{"@context":"https:\/\/schema.org","@graph":[{"@type":"WebPage","@id":"https:\/\/www.sandraackermann.de\/en\/vitae\/","url":"https:\/\/www.sandraackermann.de\/en\/vitae\/","name":"Vitae - Atelier Sandra Ackermann","isPartOf":{"@id":"https:\/\/www.sandraackermann.de\/en\/#website"},"datePublished":"2020-07-15T14:49:26+00:00","dateModified":"2025-11-04T11:03:29+00:00","breadcrumb":{"@id":"https:\/\/www.sandraackermann.de\/en\/vitae\/#breadcrumb"},"inLanguage":"en-US","potentialAction":[{"@type":"ReadAction","target":["https:\/\/www.sandraackermann.de\/en\/vitae\/"]}]},{"@type":"BreadcrumbList","@id":"https:\/\/www.sandraackermann.de\/en\/vitae\/#breadcrumb","itemListElement":[{"@type":"ListItem","position":1,"name":"Startseite","item":"https:\/\/www.sandraackermann.de\/en\/"},{"@type":"ListItem","position":2,"name":"Vitae"}]},{"@type":"WebSite","@id":"https:\/\/www.sandraackermann.de\/en\/#website","url":"https:\/\/www.sandraackermann.de\/en\/","name":"Atelier Sandra Ackermann","description":"","potentialAction":[{"@type":"SearchAction","target":{"@type":"EntryPoint","urlTemplate":"https:\/\/www.sandraackermann.de\/en\/?s={search_term_string}"},"query-input":{"@type":"PropertyValueSpecification","valueRequired":true,"valueName":"search_term_string"}}],"inLanguage":"en-US"}]}},"_links":{"self":[{"href":"https:\/\/www.sandraackermann.de\/en\/wp-json\/wp\/v2\/pages\/432","targetHints":{"allow":["GET"]}}],"collection":[{"href":"https:\/\/www.sandraackermann.de\/en\/wp-json\/wp\/v2\/pages"}],"about":[{"href":"https:\/\/www.sandraackermann.de\/en\/wp-json\/wp\/v2\/types\/page"}],"author":[{"embeddable":true,"href":"https:\/\/www.sandraackermann.de\/en\/wp-json\/wp\/v2\/users\/1"}],"replies":[{"embeddable":true,"href":"https:\/\/www.sandraackermann.de\/en\/wp-json\/wp\/v2\/comments?post=432"}],"version-history":[{"count":5,"href":"https:\/\/www.sandraackermann.de\/en\/wp-json\/wp\/v2\/pages\/432\/revisions"}],"predecessor-version":[{"id":1219,"href":"https:\/\/www.sandraackermann.de\/en\/wp-json\/wp\/v2\/pages\/432\/revisions\/1219"}],"wp:featuredmedia":[{"embeddable":true,"href":"https:\/\/www.sandraackermann.de\/en\/wp-json\/"}],"wp:attachment":[{"href":"https:\/\/www.sandraackermann.de\/en\/wp-json\/wp\/v2\/media?parent=432"}],"curies":[{"name":"wp","href":"https:\/\/api.w.org\/{rel}","templated":true}]}}